{"id":175,"date":"2025-07-15T15:08:50","date_gmt":"2025-07-15T15:08:50","guid":{"rendered":"https:\/\/clinicadentalmariagracia.es\/?page_id=175"},"modified":"2025-07-23T07:11:07","modified_gmt":"2025-07-23T07:11:07","slug":"aviso-legal","status":"publish","type":"page","link":"https:\/\/clinicadentalmariagracia.es\/en\/aviso-legal\/","title":{"rendered":"LEGAL NOTICE"},"content":{"rendered":"\t\t<div data-elementor-type=\"wp-page\" data-elementor-id=\"175\" class=\"elementor elementor-175\">\n\t\t\t\t<div class=\"elementor-element elementor-element-24a02e1 e-flex e-con-boxed wpr-particle-no wpr-jarallax-no wpr-parallax-no wpr-sticky-section-no wpr-equal-height-no e-con e-parent\" data-id=\"24a02e1\" data-element_type=\"container\" data-e-type=\"container\">\n\t\t\t\t\t<div class=\"e-con-inner\">\n\t\t\t\t<div class=\"elementor-element elementor-element-157fcbb elementor-widget elementor-widget-text-editor\" data-id=\"157fcbb\" data-element_type=\"widget\" data-e-type=\"widget\" data-widget_type=\"text-editor.default\">\n\t\t\t\t\t\t\t\t\t<h2>1. Titularidad del sitio web<\/h2><p>En cumplimiento con el deber de informaci\u00f3n recogido en el art\u00edculo 10 de la Ley 34\/2002, de 11 de julio, de Servicios de la Sociedad de la Informaci\u00f3n y del Comercio Electr\u00f3nico (LSSI-CE), se informa que este sitio web es titularidad de:<\/p><ul><li><strong>Nombre:<\/strong>\u00a0Mar\u00eda Gracia Oca\u00f1a Hurtado<\/li><li><strong>Domicilio social:<\/strong>\u00a0c\/ lavadero de las tablas, 1 18002 &#8211; Granada<\/li><li><strong>Correo electr\u00f3nico:<\/strong>\u00a0<a href=\"mailto:info@clinicadentalmariagracia.es\">info@clinicadentalmariagracia.es<\/a><\/li><li><strong>Tel\u00e9fono de contacto:<\/strong>\u00a0958 37 30 01<\/li><li><strong>Dominio:<\/strong>\u00a0<a href=\"https:\/\/clinicadentalmariagracia.es\/\">www.clinicadentalmariagracia.es<\/a><\/li><\/ul><h2>2. Objeto<\/h2><p>El presente aviso legal regula el acceso, navegaci\u00f3n y uso del sitio web\u00a0<strong>[https:\/\/clinicadentalmariagracia.es\/]<\/strong>\u00a0(en adelante, el \u00abSitio Web\u00bb). El acceso a este Sitio Web implica la aceptaci\u00f3n expresa de los t\u00e9rminos aqu\u00ed recogidos.<\/p><h2>3. Condiciones de uso<\/h2><p>El usuario se compromete a utilizar el Sitio Web y sus servicios conforme a la ley, la moral, el orden p\u00fablico y el presente Aviso Legal. Queda prohibido el uso del Sitio Web con fines il\u00edcitos o lesivos para el titular o terceros.<\/p><h2>4. Propiedad intelectual e industrial<\/h2><p>Todos los contenidos del Sitio Web (textos, im\u00e1genes, dise\u00f1os, software, c\u00f3digo fuente, logotipos, etc.) son propiedad del titular o de terceros y est\u00e1n protegidos por la normativa vigente en materia de propiedad intelectual e industrial.<\/p><p>Queda expresamente prohibida la reproducci\u00f3n, distribuci\u00f3n o comunicaci\u00f3n p\u00fablica total o parcial de los contenidos sin la autorizaci\u00f3n expresa del titular.<\/p><h2>5. Responsabilidad<\/h2><p>El titular no se hace responsable de los da\u00f1os y perjuicios que puedan derivarse del uso del Sitio Web ni garantiza la ausencia de errores o interrupciones. No se responsabiliza del uso indebido que puedan hacer los usuarios del contenido del sitio.<\/p><h2>6. Enlaces a terceros<\/h2><p>Este sitio web puede contener enlaces a sitios de terceros. El titular no se hace responsable de los contenidos, pol\u00edticas de privacidad o pr\u00e1cticas de dichos sitios externos.<\/p><h2>7. Protecci\u00f3n de datos personales<\/h2><p>El tratamiento de los datos personales recogidos a trav\u00e9s de este sitio web se rige por nuestra\u00a0<a href=\"https:\/\/clinicadentalmariagracia.es\/index.php\/politica-de-privacidad\/\">Pol\u00edtica de Privacidad<\/a>, de conformidad con el Reglamento (UE) 2016\/679 (RGPD) y la Ley Org\u00e1nica 3\/2018 (LOPDGDD).<\/p><h2>8. Uso de cookies<\/h2><p>Este sitio web utiliza cookies propias y de terceros (como Google Analytics). Puedes consultar informaci\u00f3n detallada en nuestra\u00a0<a href=\"https:\/\/clinicadentalmariagracia.es\/index.php\/politica-de-cookies\/\">Pol\u00edtica de cookies<\/a>.<\/p><h2>9. Modificaciones<\/h2><p>El titular se reserva el derecho a modificar en cualquier momento el contenido de este Aviso Legal para adaptarlo a cambios normativos o t\u00e9cnicos. Se recomienda revisarlo peri\u00f3dicamente.<\/p><h2>10. Legislaci\u00f3n aplicable y jurisdicci\u00f3n<\/h2><p>Este Aviso Legal se rige por la legislaci\u00f3n espa\u00f1ola. Para la resoluci\u00f3n de cualquier conflicto, las partes se someten, a su elecci\u00f3n, a los juzgados y tribunales del domicilio del usuario o del titular del sitio web, seg\u00fan lo establecido en la normativa de protecci\u00f3n de consumidores.<\/p>\t\t\t\t\t\t\t\t<\/div>\n\t\t\t\t\t<\/div>\n\t\t\t\t<\/div>\n\t\t\t\t<\/div>\n\t\t","protected":false},"excerpt":{"rendered":"<p>1. Titularidad del sitio web En cumplimiento con el deber de informaci\u00f3n recogido en el art\u00edculo 10 de la Ley 34\/2002, de 11 de julio, de Servicios de la Sociedad de la Informaci\u00f3n y del Comercio Electr\u00f3nico (LSSI-CE), se informa que este sitio web es titularidad de: Nombre:\u00a0Mar\u00eda Gracia Oca\u00f1a Hurtado Domicilio social:\u00a0c\/ lavadero de las tablas, 1 18002 &#8211; Granada Correo electr\u00f3nico:\u00a0info@clinicadentalmariagracia.es Tel\u00e9fono de contacto:\u00a0958 37 30 01 Dominio:\u00a0www.clinicadentalmariagracia.es 2. Objeto El presente aviso legal regula el acceso, navegaci\u00f3n y uso del sitio web\u00a0[https:\/\/clinicadentalmariagracia.es\/]\u00a0(en adelante, el \u00abSitio Web\u00bb). El acceso a este Sitio Web implica la aceptaci\u00f3n expresa de los t\u00e9rminos aqu\u00ed recogidos. 3. Condiciones de uso El usuario se compromete a utilizar el Sitio Web y sus servicios conforme a la ley, la moral, el orden p\u00fablico y el presente Aviso Legal. Queda prohibido el uso del Sitio Web con fines il\u00edcitos o lesivos para el titular o terceros. 4. Propiedad intelectual e industrial Todos los contenidos del Sitio Web (textos, im\u00e1genes, dise\u00f1os, software, c\u00f3digo fuente, logotipos, etc.) son propiedad del titular o de terceros y est\u00e1n protegidos por la normativa vigente en materia de propiedad intelectual e industrial. Queda expresamente prohibida la reproducci\u00f3n, distribuci\u00f3n o comunicaci\u00f3n p\u00fablica total o parcial de los contenidos sin la autorizaci\u00f3n expresa del titular. 5. Responsabilidad El titular no se hace responsable de los da\u00f1os y perjuicios que puedan derivarse del uso del Sitio Web ni garantiza la ausencia de errores o interrupciones. No se responsabiliza del uso indebido que puedan hacer los usuarios del contenido del sitio. 6. Enlaces a terceros Este sitio web puede contener enlaces a sitios de terceros. El titular no se hace responsable de los contenidos, pol\u00edticas de privacidad o pr\u00e1cticas de dichos sitios externos. 7. Protecci\u00f3n de datos personales El tratamiento de los datos personales recogidos a trav\u00e9s de este sitio web se rige por nuestra\u00a0Pol\u00edtica de Privacidad, de conformidad con el Reglamento (UE) 2016\/679 (RGPD) y la Ley Org\u00e1nica 3\/2018 (LOPDGDD). 8. Uso de cookies Este sitio web utiliza cookies propias y de terceros (como Google Analytics). Puedes consultar informaci\u00f3n detallada en nuestra\u00a0Pol\u00edtica de cookies. 9. Modificaciones El titular se reserva el derecho a modificar en cualquier momento el contenido de este Aviso Legal para adaptarlo a cambios normativos o t\u00e9cnicos. Se recomienda revisarlo peri\u00f3dicamente. 10. Legislaci\u00f3n aplicable y jurisdicci\u00f3n Este Aviso Legal se rige por la legislaci\u00f3n espa\u00f1ola. Para la resoluci\u00f3n de cualquier conflicto, las partes se someten, a su elecci\u00f3n, a los juzgados y tribunales del domicilio del usuario o del titular del sitio web, seg\u00fan lo establecido en la normativa de protecci\u00f3n de consumidores.<\/p>\n","protected":false},"author":1,"featured_media":0,"parent":0,"menu_order":0,"comment_status":"closed","ping_status":"closed","template":"","meta":{"footnotes":""},"class_list":["post-175","page","type-page","status-publish","hentry"],"_links":{"self":[{"href":"https:\/\/clinicadentalmariagracia.es\/en\/wp-json\/wp\/v2\/pages\/175","targetHints":{"allow":["GET"]}}],"collection":[{"href":"https:\/\/clinicadentalmariagracia.es\/en\/wp-json\/wp\/v2\/pages"}],"about":[{"href":"https:\/\/clinicadentalmariagracia.es\/en\/wp-json\/wp\/v2\/types\/page"}],"author":[{"embeddable":true,"href":"https:\/\/clinicadentalmariagracia.es\/en\/wp-json\/wp\/v2\/users\/1"}],"replies":[{"embeddable":true,"href":"https:\/\/clinicadentalmariagracia.es\/en\/wp-json\/wp\/v2\/comments?post=175"}],"version-history":[{"count":8,"href":"https:\/\/clinicadentalmariagracia.es\/en\/wp-json\/wp\/v2\/pages\/175\/revisions"}],"predecessor-version":[{"id":464,"href":"https:\/\/clinicadentalmariagracia.es\/en\/wp-json\/wp\/v2\/pages\/175\/revisions\/464"}],"wp:attachment":[{"href":"https:\/\/clinicadentalmariagracia.es\/en\/wp-json\/wp\/v2\/media?parent=175"}],"curies":[{"name":"wp","href":"https:\/\/api.w.org\/{rel}","templated":true}]}}