{"id":196,"date":"2025-07-15T15:20:23","date_gmt":"2025-07-15T15:20:23","guid":{"rendered":"https:\/\/clinicadentalmariagracia.es\/?page_id=196"},"modified":"2025-07-22T15:06:30","modified_gmt":"2025-07-22T15:06:30","slug":"declaracion-de-accesibilidad","status":"publish","type":"page","link":"https:\/\/clinicadentalmariagracia.es\/en\/declaracion-de-accesibilidad\/","title":{"rendered":"DECLARACI\u00d3N DE ACCESIBILIDAD"},"content":{"rendered":"<div data-elementor-type=\"wp-page\" data-elementor-id=\"196\" class=\"elementor elementor-196\">\n\t\t\t\t<div class=\"elementor-element elementor-element-9fe3675 e-flex e-con-boxed wpr-particle-no wpr-jarallax-no wpr-parallax-no wpr-sticky-section-no wpr-equal-height-no e-con e-parent\" data-id=\"9fe3675\" data-element_type=\"container\" data-e-type=\"container\">\n\t\t\t\t\t<div class=\"e-con-inner\">\n\t\t\t\t<div class=\"elementor-element elementor-element-d57c431 elementor-widget elementor-widget-text-editor\" data-id=\"d57c431\" data-element_type=\"widget\" data-e-type=\"widget\" data-widget_type=\"text-editor.default\">\n\t\t\t\t\t\t\t\t\t<p>Esta p\u00e1gina web se ha dise\u00f1ado para ser accesible y cumplir con los principios de accesibilidad del nivel AA de las Pautas de Accesibilidad al Contenido en la Web (WCAG 2.1) establecidos por el W3C.<\/p><h2>Situaci\u00f3n de cumplimiento<\/h2><p>Este sitio web es parcialmente conforme con las WCAG 2.1 nivel AA debido a la falta de conformidad con algunos aspectos de los criterios de accesibilidad.<\/p><h2>Preparaci\u00f3n de la presente declaraci\u00f3n de accesibilidad<\/h2><p>La presente declaraci\u00f3n fue preparada el 03\/07\/2025 utilizando una autoevaluaci\u00f3n realizada por el propio desarrollador.<\/p><h2>Observaciones y datos de contacto<\/h2><p>Si encuentra dificultades de acceso o quiere hacer cualquier sugerencia, puede contactar con nosotros a trav\u00e9s del correo:\u00a0<a role=\"link\" href=\"mailto:info@dulcenombregarcia.com\">info@clinicadentalmariagracia.es<\/a><\/p><h2>Procedimiento de aplicaci\u00f3n<\/h2><p>Si la respuesta a una solicitud de accesibilidad no es satisfactoria, puede dirigirse al organismo competente:\u00a0<a role=\"link\" href=\"https:\/\/www.sede.defensordelpueblo.es\/\" target=\"_blank\" rel=\"noopener\">Defensor del Pueblo<\/a>.<\/p>\t\t\t\t\t\t\t\t<\/div>\n\t\t\t\t\t<\/div>\n\t\t\t\t<\/div>\n\t\t\t\t<\/div>","protected":false},"excerpt":{"rendered":"<p>Esta p\u00e1gina web se ha dise\u00f1ado para ser accesible y cumplir con los principios de accesibilidad del nivel AA de las Pautas de Accesibilidad al Contenido en la Web (WCAG 2.1) establecidos por el W3C. Situaci\u00f3n de cumplimiento Este sitio web es parcialmente conforme con las WCAG 2.1 nivel AA debido a la falta de conformidad con algunos aspectos de los criterios de accesibilidad. Preparaci\u00f3n de la presente declaraci\u00f3n de accesibilidad La presente declaraci\u00f3n fue preparada el 03\/07\/2025 utilizando una autoevaluaci\u00f3n realizada por el propio desarrollador. Observaciones y datos de contacto Si encuentra dificultades de acceso o quiere hacer cualquier sugerencia, puede contactar con nosotros a trav\u00e9s del correo:\u00a0info@clinicadentalmariagracia.es Procedimiento de aplicaci\u00f3n Si la respuesta a una solicitud de accesibilidad no es satisfactoria, puede dirigirse al organismo competente:\u00a0Defensor del Pueblo.<\/p>","protected":false},"author":1,"featured_media":0,"parent":0,"menu_order":0,"comment_status":"closed","ping_status":"closed","template":"","meta":{"footnotes":""},"class_list":["post-196","page","type-page","status-publish","hentry"],"_links":{"self":[{"href":"https:\/\/clinicadentalmariagracia.es\/en\/wp-json\/wp\/v2\/pages\/196","targetHints":{"allow":["GET"]}}],"collection":[{"href":"https:\/\/clinicadentalmariagracia.es\/en\/wp-json\/wp\/v2\/pages"}],"about":[{"href":"https:\/\/clinicadentalmariagracia.es\/en\/wp-json\/wp\/v2\/types\/page"}],"author":[{"embeddable":true,"href":"https:\/\/clinicadentalmariagracia.es\/en\/wp-json\/wp\/v2\/users\/1"}],"replies":[{"embeddable":true,"href":"https:\/\/clinicadentalmariagracia.es\/en\/wp-json\/wp\/v2\/comments?post=196"}],"version-history":[{"count":13,"href":"https:\/\/clinicadentalmariagracia.es\/en\/wp-json\/wp\/v2\/pages\/196\/revisions"}],"predecessor-version":[{"id":324,"href":"https:\/\/clinicadentalmariagracia.es\/en\/wp-json\/wp\/v2\/pages\/196\/revisions\/324"}],"wp:attachment":[{"href":"https:\/\/clinicadentalmariagracia.es\/en\/wp-json\/wp\/v2\/media?parent=196"}],"curies":[{"name":"wp","href":"https:\/\/api.w.org\/{rel}","templated":true}]}}