{"id":93,"date":"2025-07-14T09:02:27","date_gmt":"2025-07-14T09:02:27","guid":{"rendered":"https:\/\/clinicadentalmariagracia.es\/?page_id=93"},"modified":"2025-07-31T14:04:40","modified_gmt":"2025-07-31T14:04:40","slug":"especialidades","status":"publish","type":"page","link":"https:\/\/clinicadentalmariagracia.es\/en\/especialidades\/","title":{"rendered":"SPECIALITIES"},"content":{"rendered":"<div data-elementor-type=\"wp-page\" data-elementor-id=\"93\" class=\"elementor elementor-93\">\n\t\t\t\t<div class=\"elementor-element elementor-element-1f696cb e-con-full e-flex wpr-particle-no wpr-jarallax-no wpr-parallax-no wpr-sticky-section-no wpr-equal-height-no e-con e-parent\" data-id=\"1f696cb\" data-element_type=\"container\" data-e-type=\"container\" data-settings=\"{&quot;background_background&quot;:&quot;classic&quot;}\">\n\t\t<div class=\"elementor-element elementor-element-75f6856 e-con-full e-flex wpr-particle-no wpr-jarallax-no wpr-parallax-no wpr-sticky-section-no wpr-equal-height-no e-con e-child\" data-id=\"75f6856\" data-element_type=\"container\" data-e-type=\"container\">\n\t\t\t\t<div class=\"elementor-element elementor-element-fa0fc72 elementor-widget elementor-widget-heading\" data-id=\"fa0fc72\" data-element_type=\"widget\" data-e-type=\"widget\" data-widget_type=\"heading.default\">\n\t\t\t\t\t<h1 class=\"elementor-heading-title elementor-size-default\">SPECIALITIES<\/h1>\t\t\t\t<\/div>\n\t\t\t\t<div class=\"elementor-element elementor-element-9369703 elementor-widget elementor-widget-text-editor\" data-id=\"9369703\" data-element_type=\"widget\" data-e-type=\"widget\" data-widget_type=\"text-editor.default\">\n\t\t\t\t\t\t\t\t\t<article><p>We have specialists in different clinical areas to advise you in the best possible way, answer all your questions and ensure that the result obtained is as expected.<\/p><p>This transparency is what characterises us, because for us it is a priority that the client is informed and at ease at all times.<\/p><\/article>\t\t\t\t\t\t\t\t<\/div>\n\t\t\t\t<\/div>\n\t\t<div class=\"elementor-element elementor-element-511aa07 e-con-full e-flex wpr-particle-no wpr-jarallax-no wpr-parallax-no wpr-sticky-section-no wpr-equal-height-no e-con e-child\" data-id=\"511aa07\" data-element_type=\"container\" data-e-type=\"container\" data-settings=\"{&quot;background_background&quot;:&quot;classic&quot;}\">\n\t\t\t\t<\/div>\n\t\t\t\t<\/div>\n\t\t<div class=\"elementor-element elementor-element-35a2211 e-con-full e-flex wpr-particle-no wpr-jarallax-no wpr-parallax-no wpr-sticky-section-no wpr-equal-height-no e-con e-parent\" data-id=\"35a2211\" data-element_type=\"container\" data-e-type=\"container\">\n\t\t\t\t<\/div>\n\t\t<div class=\"elementor-element elementor-element-09c6f26 e-con-full e-flex wpr-particle-no wpr-jarallax-no wpr-parallax-no wpr-sticky-section-no wpr-equal-height-no e-con e-parent\" data-id=\"09c6f26\" data-element_type=\"container\" data-e-type=\"container\">\n\t\t<div class=\"elementor-element elementor-element-53b3034 e-con-full e-flex wpr-particle-no wpr-jarallax-no wpr-parallax-no wpr-sticky-section-no wpr-equal-height-no e-con e-child\" data-id=\"53b3034\" data-element_type=\"container\" data-e-type=\"container\" data-settings=\"{&quot;background_background&quot;:&quot;classic&quot;}\">\n\t\t\t\t<div class=\"elementor-element elementor-element-216d92d elementor-widget elementor-widget-image\" data-id=\"216d92d\" data-element_type=\"widget\" data-e-type=\"widget\" data-widget_type=\"image.default\">\n\t\t\t\t\t\t\t\t\t\t\t\t\t\t\t<img fetchpriority=\"high\" decoding=\"async\" width=\"300\" height=\"182\" src=\"https:\/\/clinicadentalmariagracia.es\/wp-content\/uploads\/2025\/07\/Dental-smile-design-300x182.jpg\" class=\"attachment-medium size-medium wp-image-286\" alt=\"Dise\u00f1o de sonrisa en clinica dental\" srcset=\"https:\/\/clinicadentalmariagracia.es\/wp-content\/uploads\/2025\/07\/Dental-smile-design-300x182.jpg 300w, https:\/\/clinicadentalmariagracia.es\/wp-content\/uploads\/2025\/07\/Dental-smile-design-1024x621.jpg 1024w, https:\/\/clinicadentalmariagracia.es\/wp-content\/uploads\/2025\/07\/Dental-smile-design-768x466.jpg 768w, https:\/\/clinicadentalmariagracia.es\/wp-content\/uploads\/2025\/07\/Dental-smile-design-1536x932.jpg 1536w, https:\/\/clinicadentalmariagracia.es\/wp-content\/uploads\/2025\/07\/Dental-smile-design.jpg 2000w\" sizes=\"(max-width: 300px) 100vw, 300px\" \/>\t\t\t\t\t\t\t\t\t\t\t\t\t\t\t<\/div>\n\t\t\t\t<div class=\"elementor-element elementor-element-43f4879 elementor-widget elementor-widget-heading\" data-id=\"43f4879\" data-element_type=\"widget\" data-e-type=\"widget\" data-widget_type=\"heading.default\">\n\t\t\t\t\t<h3 class=\"elementor-heading-title elementor-size-default\">Digital Smile Design<\/h3>\t\t\t\t<\/div>\n\t\t\t\t<div class=\"elementor-element elementor-element-95bcab0 elementor-widget elementor-widget-text-editor\" data-id=\"95bcab0\" data-element_type=\"widget\" data-e-type=\"widget\" data-widget_type=\"text-editor.default\">\n\t\t\t\t\t\t\t\t\t<div class=\"service fade\" data-slug=\"blanqueamiento-dental\"><div class=\"service active\" data-slug=\"prevencion-e-higiene\"><p>A beautiful smile is a matter of harmony and balance, and is something subjective, where the patient has a lot to say. We apply the latest technology to design your smile digitally, so that you can see and decide what the final result will look like before starting treatment.<\/p><\/div><\/div>\t\t\t\t\t\t\t\t<\/div>\n\t\t\t\t<\/div>\n\t\t<div class=\"elementor-element elementor-element-fed5085 e-con-full e-flex wpr-particle-no wpr-jarallax-no wpr-parallax-no wpr-sticky-section-no wpr-equal-height-no e-con e-child\" data-id=\"fed5085\" data-element_type=\"container\" data-e-type=\"container\" data-settings=\"{&quot;background_background&quot;:&quot;classic&quot;}\">\n\t\t\t\t<div class=\"elementor-element elementor-element-d6e1c33 elementor-widget elementor-widget-image\" data-id=\"d6e1c33\" data-element_type=\"widget\" data-e-type=\"widget\" data-widget_type=\"image.default\">\n\t\t\t\t\t\t\t\t\t\t\t\t\t\t\t<img decoding=\"async\" width=\"612\" height=\"408\" src=\"https:\/\/clinicadentalmariagracia.es\/wp-content\/uploads\/2025\/07\/invisalign-1-copia.jpg\" class=\"attachment-large size-large wp-image-302\" alt=\"Invasilign en clinica dental\" srcset=\"https:\/\/clinicadentalmariagracia.es\/wp-content\/uploads\/2025\/07\/invisalign-1-copia.jpg 612w, https:\/\/clinicadentalmariagracia.es\/wp-content\/uploads\/2025\/07\/invisalign-1-copia-300x200.jpg 300w\" sizes=\"(max-width: 612px) 100vw, 612px\" \/>\t\t\t\t\t\t\t\t\t\t\t\t\t\t\t<\/div>\n\t\t\t\t<div class=\"elementor-element elementor-element-a0f96b9 elementor-widget elementor-widget-heading\" data-id=\"a0f96b9\" data-element_type=\"widget\" data-e-type=\"widget\" data-widget_type=\"heading.default\">\n\t\t\t\t\t<h3 class=\"elementor-heading-title elementor-size-default\">Orthodontics<\/h3>\t\t\t\t<\/div>\n\t\t\t\t<div class=\"elementor-element elementor-element-d8642d0 elementor-widget elementor-widget-text-editor\" data-id=\"d8642d0\" data-element_type=\"widget\" data-e-type=\"widget\" data-widget_type=\"text-editor.default\">\n\t\t\t\t\t\t\t\t\t<div class=\"service fade\" data-slug=\"blanqueamiento-dental\"><div class=\"service active\" data-slug=\"prevencion-e-higiene\"><div class=\"service fade\" data-slug=\"ortodoncia-invisalign\"><div class=\"service fade\" data-slug=\"blanqueamiento-dental\"><div class=\"service active\" data-slug=\"prevencion-e-higiene\"><div class=\"service fade\" data-slug=\"ortodoncia-invisalign\"><section id=\"works\"><article><div class=\"service fade\" data-slug=\"ortodoncia\"><p>La ortodoncia es muy importante no solo desde un punto de vista est\u00e9tico, sino tambi\u00e9n funcional, evitando as\u00ed problemas en la articulaci\u00f3n y posibles recidivas. Una correcta ortodoncia debe realizarse por un especialista, que estudie cada caso minuciosamente para garantizar el mejor resultado. Tambi\u00e9n hacemos Ortodoncia Invisible.<\/p><\/div><\/article><\/section><section id=\"collaboration\"><article><\/article><\/section><\/div><\/div><\/div><\/div><\/div><\/div>\t\t\t\t\t\t\t\t<\/div>\n\t\t\t\t<\/div>\n\t\t<div class=\"elementor-element elementor-element-a8b38e0 e-con-full e-flex wpr-particle-no wpr-jarallax-no wpr-parallax-no wpr-sticky-section-no wpr-equal-height-no e-con e-child\" data-id=\"a8b38e0\" data-element_type=\"container\" data-e-type=\"container\" data-settings=\"{&quot;background_background&quot;:&quot;classic&quot;}\">\n\t\t\t\t<div class=\"elementor-element elementor-element-0db6c8b elementor-widget elementor-widget-image\" data-id=\"0db6c8b\" data-element_type=\"widget\" data-e-type=\"widget\" data-widget_type=\"image.default\">\n\t\t\t\t\t\t\t\t\t\t\t\t\t\t\t<img decoding=\"async\" width=\"612\" height=\"408\" src=\"https:\/\/clinicadentalmariagracia.es\/wp-content\/uploads\/2025\/07\/implantes-2.jpg\" class=\"attachment-large size-large wp-image-294\" alt=\"Implantes en clinica dental\" srcset=\"https:\/\/clinicadentalmariagracia.es\/wp-content\/uploads\/2025\/07\/implantes-2.jpg 612w, https:\/\/clinicadentalmariagracia.es\/wp-content\/uploads\/2025\/07\/implantes-2-300x200.jpg 300w\" sizes=\"(max-width: 612px) 100vw, 612px\" \/>\t\t\t\t\t\t\t\t\t\t\t\t\t\t\t<\/div>\n\t\t\t\t<div class=\"elementor-element elementor-element-f9c6a0c elementor-widget elementor-widget-heading\" data-id=\"f9c6a0c\" data-element_type=\"widget\" data-e-type=\"widget\" data-widget_type=\"heading.default\">\n\t\t\t\t\t<h3 class=\"elementor-heading-title elementor-size-default\">Implants and Oral Surgery<\/h3>\t\t\t\t<\/div>\n\t\t\t\t<div class=\"elementor-element elementor-element-926c038 elementor-widget elementor-widget-text-editor\" data-id=\"926c038\" data-element_type=\"widget\" data-e-type=\"widget\" data-widget_type=\"text-editor.default\">\n\t\t\t\t\t\t\t\t\t<p>For success after implant surgery, there are several factors that must be taken into account: the general condition of the patient's mouth, the degree of specialisation and experience of the professional and the material used in the operation. We work with the best brands on the market, which, together with the other two factors, allow us to guarantee a high percentage of success.<\/p>\t\t\t\t\t\t\t\t<\/div>\n\t\t\t\t<\/div>\n\t\t<div class=\"elementor-element elementor-element-9ed13de e-con-full e-flex wpr-particle-no wpr-jarallax-no wpr-parallax-no wpr-sticky-section-no wpr-equal-height-no e-con e-child\" data-id=\"9ed13de\" data-element_type=\"container\" data-e-type=\"container\" data-settings=\"{&quot;background_background&quot;:&quot;classic&quot;}\">\n\t\t\t\t<div class=\"elementor-element elementor-element-a16e893 elementor-widget elementor-widget-image\" data-id=\"a16e893\" data-element_type=\"widget\" data-e-type=\"widget\" data-widget_type=\"image.default\">\n\t\t\t\t\t\t\t\t\t\t\t\t\t\t\t<img loading=\"lazy\" decoding=\"async\" width=\"612\" height=\"408\" src=\"https:\/\/clinicadentalmariagracia.es\/wp-content\/uploads\/2025\/07\/blanqueamiento-1.jpg\" class=\"attachment-large size-large wp-image-282\" alt=\"Blanqueamiento en clinica dental\" srcset=\"https:\/\/clinicadentalmariagracia.es\/wp-content\/uploads\/2025\/07\/blanqueamiento-1.jpg 612w, https:\/\/clinicadentalmariagracia.es\/wp-content\/uploads\/2025\/07\/blanqueamiento-1-300x200.jpg 300w\" sizes=\"(max-width: 612px) 100vw, 612px\" \/>\t\t\t\t\t\t\t\t\t\t\t\t\t\t\t<\/div>\n\t\t\t\t<div class=\"elementor-element elementor-element-2f8d744 elementor-widget elementor-widget-heading\" data-id=\"2f8d744\" data-element_type=\"widget\" data-e-type=\"widget\" data-widget_type=\"heading.default\">\n\t\t\t\t\t<h3 class=\"elementor-heading-title elementor-size-default\">Tooth Whitening<\/h3>\t\t\t\t<\/div>\n\t\t\t\t<div class=\"elementor-element elementor-element-dd9ddad elementor-widget elementor-widget-text-editor\" data-id=\"dd9ddad\" data-element_type=\"widget\" data-e-type=\"widget\" data-widget_type=\"text-editor.default\">\n\t\t\t\t\t\t\t\t\t<div class=\"service fade\" data-slug=\"blanqueamiento-dental\"><p>A beautiful, white and shiny smile says a lot about you, not only because of what you project to the outside world, but also because of how it makes you feel, improving your self-image and self-esteem. We carry out treatments without damaging the tooth, in a single session, quickly and safely.<\/p><\/div>\t\t\t\t\t\t\t\t<\/div>\n\t\t\t\t<\/div>\n\t\t<div class=\"elementor-element elementor-element-d129587 e-con-full e-flex wpr-particle-no wpr-jarallax-no wpr-parallax-no wpr-sticky-section-no wpr-equal-height-no e-con e-child\" data-id=\"d129587\" data-element_type=\"container\" data-e-type=\"container\" data-settings=\"{&quot;background_background&quot;:&quot;classic&quot;}\">\n\t\t\t\t<div class=\"elementor-element elementor-element-f8cf6af elementor-widget elementor-widget-image\" data-id=\"f8cf6af\" data-element_type=\"widget\" data-e-type=\"widget\" data-widget_type=\"image.default\">\n\t\t\t\t\t\t\t\t\t\t\t\t\t\t\t<img loading=\"lazy\" decoding=\"async\" width=\"736\" height=\"566\" src=\"https:\/\/clinicadentalmariagracia.es\/wp-content\/uploads\/2025\/07\/36ea22a60257829c05e102e3055d0e3a.jpg\" class=\"attachment-large size-large wp-image-306\" alt=\"\" srcset=\"https:\/\/clinicadentalmariagracia.es\/wp-content\/uploads\/2025\/07\/36ea22a60257829c05e102e3055d0e3a.jpg 736w, https:\/\/clinicadentalmariagracia.es\/wp-content\/uploads\/2025\/07\/36ea22a60257829c05e102e3055d0e3a-300x231.jpg 300w\" sizes=\"(max-width: 736px) 100vw, 736px\" \/>\t\t\t\t\t\t\t\t\t\t\t\t\t\t\t<\/div>\n\t\t\t\t<div class=\"elementor-element elementor-element-9847648 elementor-widget elementor-widget-heading\" data-id=\"9847648\" data-element_type=\"widget\" data-e-type=\"widget\" data-widget_type=\"heading.default\">\n\t\t\t\t\t<h3 class=\"elementor-heading-title elementor-size-default\">Periodontics<\/h3>\t\t\t\t<\/div>\n\t\t\t\t<div class=\"elementor-element elementor-element-8aa8cb8 elementor-widget elementor-widget-text-editor\" data-id=\"8aa8cb8\" data-element_type=\"widget\" data-e-type=\"widget\" data-widget_type=\"text-editor.default\">\n\t\t\t\t\t\t\t\t\t<div class=\"service fade\" data-slug=\"periodoncia\"><p>Healthy gums are the key to a healthy mouth. Periodontics is the speciality on which any type of treatment is based, as weak, inflamed or bleeding gums, caused by tartar and bacterial plaque, are the greatest enemy for any intervention that is carried out, and ultimately, for the general health of the person.<\/p><\/div>\t\t\t\t\t\t\t\t<\/div>\n\t\t\t\t<\/div>\n\t\t<div class=\"elementor-element elementor-element-6eb21af e-con-full e-flex wpr-particle-no wpr-jarallax-no wpr-parallax-no wpr-sticky-section-no wpr-equal-height-no e-con e-child\" data-id=\"6eb21af\" data-element_type=\"container\" data-e-type=\"container\" data-settings=\"{&quot;background_background&quot;:&quot;classic&quot;}\">\n\t\t\t\t<div class=\"elementor-element elementor-element-900c532 elementor-widget elementor-widget-image\" data-id=\"900c532\" data-element_type=\"widget\" data-e-type=\"widget\" data-widget_type=\"image.default\">\n\t\t\t\t\t\t\t\t\t\t\t\t\t\t\t<img loading=\"lazy\" decoding=\"async\" width=\"800\" height=\"547\" src=\"https:\/\/clinicadentalmariagracia.es\/wp-content\/uploads\/2025\/07\/WhatsApp-Image-2025-07-19-at-09.09.59-1024x700.jpeg\" class=\"attachment-large size-large wp-image-290\" alt=\"Endodoncia en clinica dental\" srcset=\"https:\/\/clinicadentalmariagracia.es\/wp-content\/uploads\/2025\/07\/WhatsApp-Image-2025-07-19-at-09.09.59-1024x700.jpeg 1024w, https:\/\/clinicadentalmariagracia.es\/wp-content\/uploads\/2025\/07\/WhatsApp-Image-2025-07-19-at-09.09.59-300x205.jpeg 300w, https:\/\/clinicadentalmariagracia.es\/wp-content\/uploads\/2025\/07\/WhatsApp-Image-2025-07-19-at-09.09.59-768x525.jpeg 768w, https:\/\/clinicadentalmariagracia.es\/wp-content\/uploads\/2025\/07\/WhatsApp-Image-2025-07-19-at-09.09.59-1536x1049.jpeg 1536w, https:\/\/clinicadentalmariagracia.es\/wp-content\/uploads\/2025\/07\/WhatsApp-Image-2025-07-19-at-09.09.59.jpeg 1600w\" sizes=\"(max-width: 800px) 100vw, 800px\" \/>\t\t\t\t\t\t\t\t\t\t\t\t\t\t\t<\/div>\n\t\t\t\t<div class=\"elementor-element elementor-element-62ff950 elementor-widget elementor-widget-heading\" data-id=\"62ff950\" data-element_type=\"widget\" data-e-type=\"widget\" data-widget_type=\"heading.default\">\n\t\t\t\t\t<h3 class=\"elementor-heading-title elementor-size-default\">Endodontics<\/h3>\t\t\t\t<\/div>\n\t\t\t\t<div class=\"elementor-element elementor-element-bfd9036 elementor-widget elementor-widget-text-editor\" data-id=\"bfd9036\" data-element_type=\"widget\" data-e-type=\"widget\" data-widget_type=\"text-editor.default\">\n\t\t\t\t\t\t\t\t\t<div class=\"service fade\" data-slug=\"blanqueamiento-dental\"><div class=\"service fade\" data-slug=\"endodoncia\"><p>The best endodontics is the one that is not done, but if it is necessary to preserve the tooth, we have all the technical advances and the most advanced preparation to restore the health and function of the teeth. A tailor-made solution for every problem and every tissue.<\/p><\/div><\/div>\t\t\t\t\t\t\t\t<\/div>\n\t\t\t\t<\/div>\n\t\t<div class=\"elementor-element elementor-element-295bd1e e-con-full e-flex wpr-particle-no wpr-jarallax-no wpr-parallax-no wpr-sticky-section-no wpr-equal-height-no e-con e-child\" data-id=\"295bd1e\" data-element_type=\"container\" data-e-type=\"container\" data-settings=\"{&quot;background_background&quot;:&quot;classic&quot;}\">\n\t\t\t\t<div class=\"elementor-element elementor-element-b8e6371 elementor-widget elementor-widget-image\" data-id=\"b8e6371\" data-element_type=\"widget\" data-e-type=\"widget\" data-widget_type=\"image.default\">\n\t\t\t\t\t\t\t\t\t\t\t\t\t\t\t<img loading=\"lazy\" decoding=\"async\" width=\"408\" height=\"728\" src=\"https:\/\/clinicadentalmariagracia.es\/wp-content\/uploads\/2025\/07\/ec95bebf335712d895b2195f3bbf465c.jpg\" class=\"attachment-large size-large wp-image-298\" alt=\"Odonpediatria en clinica dental\" srcset=\"https:\/\/clinicadentalmariagracia.es\/wp-content\/uploads\/2025\/07\/ec95bebf335712d895b2195f3bbf465c.jpg 408w, https:\/\/clinicadentalmariagracia.es\/wp-content\/uploads\/2025\/07\/ec95bebf335712d895b2195f3bbf465c-168x300.jpg 168w\" sizes=\"(max-width: 408px) 100vw, 408px\" \/>\t\t\t\t\t\t\t\t\t\t\t\t\t\t\t<\/div>\n\t\t\t\t<div class=\"elementor-element elementor-element-3a1bb15 elementor-widget elementor-widget-heading\" data-id=\"3a1bb15\" data-element_type=\"widget\" data-e-type=\"widget\" data-widget_type=\"heading.default\">\n\t\t\t\t\t<h3 class=\"elementor-heading-title elementor-size-default\">Paediatric Dentistry<\/h3>\t\t\t\t<\/div>\n\t\t\t\t<div class=\"elementor-element elementor-element-b796594 elementor-widget elementor-widget-text-editor\" data-id=\"b796594\" data-element_type=\"widget\" data-e-type=\"widget\" data-widget_type=\"text-editor.default\">\n\t\t\t\t\t\t\t\t\t<div class=\"service fade\" data-slug=\"blanqueamiento-dental\"><div class=\"service active\" data-slug=\"prevencion-e-higiene\"><div class=\"service fade\" data-slug=\"ortodonpediatria\"><p>For the little ones, we offer a protocol of action studied in detail, to avoid fear and pain, and to make their visit to the dentist a pleasant one. Dental health begins in the first years of life, and family supervision is key for children to have a healthy mouth in the present and in the future; for this reason, and to facilitate this task for families, we offer you the PADI Programme of the Andalusian Regional Government.<\/p><\/div><\/div><\/div>\t\t\t\t\t\t\t\t<\/div>\n\t\t\t\t<\/div>\n\t\t<div class=\"elementor-element elementor-element-74ccc3f e-con-full e-flex wpr-particle-no wpr-jarallax-no wpr-parallax-no wpr-sticky-section-no wpr-equal-height-no e-con e-child\" data-id=\"74ccc3f\" data-element_type=\"container\" data-e-type=\"container\" data-settings=\"{&quot;background_background&quot;:&quot;classic&quot;}\">\n\t\t\t\t<div class=\"elementor-element elementor-element-b53d858 elementor-widget elementor-widget-image\" data-id=\"b53d858\" data-element_type=\"widget\" data-e-type=\"widget\" data-widget_type=\"image.default\">\n\t\t\t\t\t\t\t\t\t\t\t\t\t\t\t<img loading=\"lazy\" decoding=\"async\" width=\"612\" height=\"408\" src=\"https:\/\/clinicadentalmariagracia.es\/wp-content\/uploads\/2025\/07\/Imagen-de-WhatsApp-2025-07-31-a-las-11.56.46_73cf0856.jpg\" class=\"attachment-large size-large wp-image-495\" alt=\"Chica sonriendo ense\u00f1ando los dientes\" srcset=\"https:\/\/clinicadentalmariagracia.es\/wp-content\/uploads\/2025\/07\/Imagen-de-WhatsApp-2025-07-31-a-las-11.56.46_73cf0856.jpg 612w, https:\/\/clinicadentalmariagracia.es\/wp-content\/uploads\/2025\/07\/Imagen-de-WhatsApp-2025-07-31-a-las-11.56.46_73cf0856-300x200.jpg 300w, https:\/\/clinicadentalmariagracia.es\/wp-content\/uploads\/2025\/07\/Imagen-de-WhatsApp-2025-07-31-a-las-11.56.46_73cf0856-18x12.jpg 18w\" sizes=\"(max-width: 612px) 100vw, 612px\" \/>\t\t\t\t\t\t\t\t\t\t\t\t\t\t\t<\/div>\n\t\t\t\t<div class=\"elementor-element elementor-element-ba3f3cf elementor-widget elementor-widget-heading\" data-id=\"ba3f3cf\" data-element_type=\"widget\" data-e-type=\"widget\" data-widget_type=\"heading.default\">\n\t\t\t\t\t<h3 class=\"elementor-heading-title elementor-size-default\">Est\u00e9tica dental<\/h3>\t\t\t\t<\/div>\n\t\t\t\t<div class=\"elementor-element elementor-element-b34e80f elementor-widget elementor-widget-text-editor\" data-id=\"b34e80f\" data-element_type=\"widget\" data-e-type=\"widget\" data-widget_type=\"text-editor.default\">\n\t\t\t\t\t\t\t\t\t<div class=\"service fade\" data-slug=\"blanqueamiento-dental\"><div class=\"service active\" data-slug=\"prevencion-e-higiene\"><div class=\"service fade\" data-slug=\"ortodoncia-invisalign\"><section id=\"works\"><article><div class=\"service fade\" data-slug=\"ortodoncia\"><p>Carillas dentales cer\u00e1micas y de composite y blanqueamiento la dentales.<\/p><\/div><\/article><\/section><section id=\"collaboration\"><article><\/article><\/section><\/div><\/div><\/div>\t\t\t\t\t\t\t\t<\/div>\n\t\t\t\t<\/div>\n\t\t\t\t<\/div>\n\t\t\t\t<\/div>","protected":false},"excerpt":{"rendered":"<p>ESPECIALIDADES Contamos con especialistas en las diferentes \u00e1reas cl\u00ednicas para asesorarte de la mejor manera posible, responder todas tu dudas y garantizar que el resultado obtenido sea el esperado. Esta transparencia es lo que nos caracteriza, ya que para nosotros es una prioridad que el cliente est\u00e9 informado y tranquilo en todo momento. Dise\u00f1o Digital de sonrisa Una sonrisa bonita es cuesti\u00f3n de armon\u00eda y equilibrio, y es algo subjetivo, donde el paciente tiene mucho que decir. Aplicamos la \u00faltima tecnolog\u00eda para dise\u00f1ar tu sonrisa digitalmente, para que veas y decidas c\u00f3mo ser\u00e1 el resultado final antes de empezar el tratamiento. Ortodoncia La ortodoncia es muy importante no solo desde un punto de vista est\u00e9tico, sino tambi\u00e9n funcional, evitando as\u00ed problemas en la articulaci\u00f3n y posibles recidivas. Una correcta ortodoncia debe realizarse por un especialista, que estudie cada caso minuciosamente para garantizar el mejor resultado. Tambi\u00e9n hacemos Ortodoncia Invisible. Implantes y Cirug\u00eda bucal Para el \u00e9xito tras una cirug\u00eda de implantes, hay varios factores que debemos tener en cuenta: el estado general de la boca del paciente, el grado de especializaci\u00f3n y experiencia del profesional y el material empleado en la operaci\u00f3n. Trabajamos con las mejores marcas del mercado, que junto a los otros dos factores, nos permiten garantizar un alto porcentaje de \u00e9xito. Blanqueamiento Dental Una sonrisa bonita, blanca y reluciente dice mucho de ti, no solo por lo que proyectas hacia el exterior, sino por c\u00f3mo te hace sentir, mejorando tu autoimagen y autoestima. Realizamos tratamientos sin da\u00f1ar el diente, en una \u00fanica sesi\u00f3n, de forma r\u00e1pida y segura. Periodoncia Unas enc\u00edas sanas son la clave para la salud de la boca. La periodoncia es la especialidad en la que se sustenta cualquier tipo de tratamiento, ya que unas enc\u00edas d\u00e9biles, inflamadas o que sangren, provocado por el sarro y la placa bacteriana, son el mayor enemigo para cualquier intervenci\u00f3n que se realice, y en definitiva, para salud general de la persona. Endodoncia La mejor endodoncia es la que no se hace, pero si es preciso conservar el diente, contamos con todos los adelantos t\u00e9cnicos y la preparaci\u00f3n m\u00e1s avanzada para restablecer la salud y la funci\u00f3n de los dientes. Una soluci\u00f3n a medida para cada problema y para cada tejido. Odontopediatr\u00eda Para los m\u00e1s peque\u00f1os ofrecemos un protocolo de actuaci\u00f3n estudiado al detalle, para evitar miedos y dolor, y que su visita al dentista sea algo placentero. La salud dental se inicia en los primeros a\u00f1os de vida, y es clave la supervisi\u00f3n de la familia para que los ni\u00f1os tengan una boca sana en el presente y en el futuro; por ello, y para facilitar esta labor a las familias, ponemos a vuestra disposici\u00f3n el Programa PADI de la Junta de Andaluc\u00eda. Est\u00e9tica dental Carillas dentales cer\u00e1micas y de composite y blanqueamiento la dentales.<\/p>","protected":false},"author":1,"featured_media":0,"parent":0,"menu_order":0,"comment_status":"closed","ping_status":"closed","template":"","meta":{"footnotes":""},"class_list":["post-93","page","type-page","status-publish","hentry"],"_links":{"self":[{"href":"https:\/\/clinicadentalmariagracia.es\/en\/wp-json\/wp\/v2\/pages\/93","targetHints":{"allow":["GET"]}}],"collection":[{"href":"https:\/\/clinicadentalmariagracia.es\/en\/wp-json\/wp\/v2\/pages"}],"about":[{"href":"https:\/\/clinicadentalmariagracia.es\/en\/wp-json\/wp\/v2\/types\/page"}],"author":[{"embeddable":true,"href":"https:\/\/clinicadentalmariagracia.es\/en\/wp-json\/wp\/v2\/users\/1"}],"replies":[{"embeddable":true,"href":"https:\/\/clinicadentalmariagracia.es\/en\/wp-json\/wp\/v2\/comments?post=93"}],"version-history":[{"count":67,"href":"https:\/\/clinicadentalmariagracia.es\/en\/wp-json\/wp\/v2\/pages\/93\/revisions"}],"predecessor-version":[{"id":498,"href":"https:\/\/clinicadentalmariagracia.es\/en\/wp-json\/wp\/v2\/pages\/93\/revisions\/498"}],"wp:attachment":[{"href":"https:\/\/clinicadentalmariagracia.es\/en\/wp-json\/wp\/v2\/media?parent=93"}],"curies":[{"name":"wp","href":"https:\/\/api.w.org\/{rel}","templated":true}]}}